{"id":51892,"date":"2021-07-26T11:42:18","date_gmt":"2021-07-26T11:42:18","guid":{"rendered":"https:\/\/isomontage-isolation.lu\/nos-services-en-isolation\/"},"modified":"2023-03-20T15:21:56","modified_gmt":"2023-03-20T15:21:56","slug":"unsere-dienstleitungen","status":"publish","type":"page","link":"https:\/\/isomontage-isolation.lu\/de\/unsere-dienstleitungen\/","title":{"rendered":"Unsere Isolierungsdienstleistungen"},"content":{"rendered":"<p>[et_pb_section fb_built=&#8220;1&#8243; _builder_version=&#8220;4.16&#8243; _module_preset=&#8220;default&#8220; custom_padding=&#8220;30px||30px||true|false&#8220; global_colors_info=&#8220;{}&#8220;][et_pb_row column_structure=&#8220;1_4,3_4&#8243; use_custom_gutter=&#8220;on&#8220; gutter_width=&#8220;2&#8243; make_equal=&#8220;on&#8220; _builder_version=&#8220;4.16&#8243; _module_preset=&#8220;default&#8220; z_index=&#8220;159&#8243; width=&#8220;90%&#8220; width_tablet=&#8220;90%&#8220; width_phone=&#8220;90%&#8220; width_last_edited=&#8220;on|tablet&#8220; max_width=&#8220;1300px&#8220; max_width_tablet=&#8220;90%&#8220; max_width_phone=&#8220;90%&#8220; max_width_last_edited=&#8220;on|desktop&#8220; custom_margin=&#8220;60px||||false|false&#8220; custom_margin_tablet=&#8220;60px||||false|false&#8220; custom_margin_phone=&#8220;30px||||false|false&#8220; custom_margin_last_edited=&#8220;on|phone&#8220; custom_padding=&#8220;0px||0px||true|&#8220; animation_style=&#8220;slide&#8220; animation_direction=&#8220;bottom&#8220; animation_delay=&#8220;500ms&#8220; global_colors_info=&#8220;{}&#8220;][et_pb_column type=&#8220;1_4&#8243; _builder_version=&#8220;4.16&#8243; _module_preset=&#8220;default&#8220; global_colors_info=&#8220;{}&#8220;][et_pb_image src=&#8220;https:\/\/isomontage-isolation.lu\/wp-content\/uploads\/2021\/09\/isomontage_isomontage_bonhomme.jpg&#8220; title_text=&#8220;isomontage_isomontage_bonhomme&#8220; _builder_version=&#8220;4.16&#8243; _module_preset=&#8220;default&#8220; global_colors_info=&#8220;{}&#8220;][\/et_pb_image][\/et_pb_column][et_pb_column type=&#8220;3_4&#8243; _builder_version=&#8220;4.16&#8243; _module_preset=&#8220;default&#8220; custom_css_main_element=&#8220;margin: auto;&#8220; global_colors_info=&#8220;{}&#8220;][et_pb_text _builder_version=&#8220;4.16&#8243; _module_preset=&#8220;default&#8220; text_font=&#8220;Barlow|600|||||||&#8220; text_text_color=&#8220;#d80108&#8243; text_font_size=&#8220;12px&#8220; text_letter_spacing=&#8220;3px&#8220; text_line_height=&#8220;1em&#8220; global_colors_info=&#8220;{}&#8220;]<\/p>\n<p>ISOLATION TECHNIQUE DU B\u00c2TIMENT<\/p>\n<p>[\/et_pb_text][et_pb_text _builder_version=&#8220;4.20.0&#8243; _module_preset=&#8220;default&#8220; text_font=&#8220;Palanquin Dark|900||on|||||&#8220; text_text_color=&#8220;#FFFFFF&#8220; text_font_size=&#8220;45px&#8220; text_line_height=&#8220;1.2em&#8220; header_font=&#8220;Palanquin Dark|700|||||||&#8220; header_text_color=&#8220;#1a171b&#8220; header_font_size=&#8220;50px&#8220; max_width=&#8220;100%&#8220; module_alignment=&#8220;left&#8220; custom_margin=&#8220;||0px||false|false&#8220; custom_margin_tablet=&#8220;&#8220; custom_margin_phone=&#8220;-10px||||false|false&#8220; custom_margin_last_edited=&#8220;on|phone&#8220; text_text_color_tablet=&#8220;#d80108&#8243; text_text_color_phone=&#8220;&#8220; text_text_color_last_edited=&#8220;on|phone&#8220; text_font_size_tablet=&#8220;&#8220; text_font_size_phone=&#8220;22px&#8220; text_font_size_last_edited=&#8220;on|phone&#8220; header_font_size_tablet=&#8220;45px&#8220; header_font_size_phone=&#8220;26px&#8220; header_font_size_last_edited=&#8220;on|phone&#8220; global_colors_info=&#8220;{}&#8220;]<\/p>\n<h1>UNSERE ISOLIERUNGSDIENSTLEISTUNGEN IN LUXEMBURG<\/h1>\n<p>[\/et_pb_text][et_pb_text _builder_version=&#8220;4.20.0&#8243; _module_preset=&#8220;default&#8220; text_font=&#8220;Palanquin|600|||||||&#8220; text_text_color=&#8220;#777777&#8243; text_font_size=&#8220;16px&#8220; text_line_height=&#8220;1.8em&#8220; custom_margin=&#8220;0px||30px||false|false&#8220; animation_style=&#8220;slide&#8220; animation_direction=&#8220;bottom&#8220; animation_delay=&#8220;500ms&#8220; global_colors_info=&#8220;{}&#8220;]<\/p>\n<p>Isomontage Isolation S.A. f\u00fchrt t\u00e4glich Neuerungen zur Erweiterung seines Dienstleistungsangebotes ein. Wir unterst\u00fctzen unsere Kunden bei ihren Projekten in den Bereichen Feuerschutz, W\u00e4rmed\u00e4mmung und Schallisolierung. Wir arbeiten sowohl bei Neubau als auch bei Renovierungen und bieten am Ende unserer Leistungen Wartungs- und Instandhaltungsvertr\u00e4ge an, um die Nachhaltigkeit der Energieleistung Ihres Geb\u00e4udes zu gew\u00e4hrleisten.<\/p>\n<p>[\/et_pb_text][\/et_pb_column][\/et_pb_row][\/et_pb_section][et_pb_section fb_built=&#8220;1&#8243; custom_padding_last_edited=&#8220;off|desktop&#8220; _builder_version=&#8220;4.16&#8243; _module_preset=&#8220;default&#8220; width=&#8220;100%&#8220; max_width=&#8220;100%&#8220; custom_margin=&#8220;|0px|150px|0px|false|true&#8220; custom_margin_tablet=&#8220;||150px||false|true&#8220; custom_margin_phone=&#8220;&#8220; custom_margin_last_edited=&#8220;on|desktop&#8220; custom_padding=&#8220;0px|0px|0px|0px|true|true&#8220; saved_tabs=&#8220;all&#8220; global_colors_info=&#8220;{}&#8220; global_module=&#8220;52562&#8243; theme_builder_area=&#8220;post_content&#8220;][et_pb_row column_structure=&#8220;1_3,1_3,1_3&#8243; use_custom_gutter=&#8220;on&#8220; gutter_width=&#8220;1&#8243; make_equal=&#8220;on&#8220; _builder_version=&#8220;4.16&#8243; _module_preset=&#8220;default&#8220; width=&#8220;100%&#8220; max_width=&#8220;100%&#8220; custom_margin=&#8220;0px|0px|0px|0px|true|true&#8220; custom_padding=&#8220;0px|0px|0px|0px|true|true&#8220; border_width_right=&#8220;15px&#8220; border_color_right=&#8220;rgba(0,0,0,0)&#8220; border_width_left=&#8220;15px&#8220; border_color_left=&#8220;rgba(0,0,0,0)&#8220; global_colors_info=&#8220;{}&#8220; theme_builder_area=&#8220;post_content&#8220;][et_pb_column type=&#8220;1_3&#8243; _builder_version=&#8220;4.16&#8243; _module_preset=&#8220;default&#8220; animation_direction=&#8220;bottom&#8220; border_width_right=&#8220;15px&#8220; border_color_right=&#8220;#ffffff&#8220; border_width_left=&#8220;15px&#8220; border_color_left=&#8220;#ffffff&#8220; global_colors_info=&#8220;{}&#8220; theme_builder_area=&#8220;post_content&#8220;][et_pb_text _builder_version=&#8220;4.16&#8243; _module_preset=&#8220;default&#8220; text_font=&#8220;Palanquin|700|||||||&#8220; text_text_color=&#8220;#FFFFFF&#8220; text_font_size=&#8220;18px&#8220; header_2_font=&#8220;Palanquin Dark|700|||||||&#8220; header_2_text_align=&#8220;center&#8220; header_2_text_color=&#8220;#FFFFFF&#8220; header_2_font_size=&#8220;30px&#8220; header_3_font=&#8220;Palanquin Dark|700|||||||&#8220; header_3_text_align=&#8220;center&#8220; header_3_text_color=&#8220;#FFFFFF&#8220; header_3_font_size=&#8220;30px&#8220; background_video_mp4=&#8220;https:\/\/isomontage-isolation.lu\/wp-content\/uploads\/2021\/07\/isolation_coupe-feu_video.mp4&#8243; allow_player_pause=&#8220;on&#8220; text_orientation=&#8220;center&#8220; custom_margin=&#8220;15px||15px||true|false&#8220; custom_padding=&#8220;160px||160px||true|false&#8220; custom_padding_tablet=&#8220;100px||100px||true|false&#8220; custom_padding_phone=&#8220;80px||80px||true|false&#8220; custom_padding_last_edited=&#8220;on|phone&#8220; link_option_url=&#8220;https:\/\/isomontage-isolation.lu\/de\/feuerschutzisolierung\/&#8220; text_font_size_last_edited=&#8220;off|desktop&#8220; header_2_font_size_tablet=&#8220;&#8220; header_2_font_size_phone=&#8220;22px&#8220; header_2_font_size_last_edited=&#8220;on|desktop&#8220; header_3_font_size_tablet=&#8220;&#8220; header_3_font_size_phone=&#8220;22px&#8220; header_3_font_size_last_edited=&#8220;on|desktop&#8220; text_text_shadow_style=&#8220;preset2&#8243; text_text_shadow_horizontal_length=&#8220;0em&#8220; header_2_text_shadow_style=&#8220;preset2&#8243; header_2_text_shadow_horizontal_length=&#8220;0em&#8220; header_3_text_shadow_style=&#8220;preset2&#8243; header_3_text_shadow_horizontal_length=&#8220;0em&#8220; border_width_bottom=&#8220;3px&#8220; border_color_bottom=&#8220;#d7001c&#8220; box_shadow_style=&#8220;preset3&#8243; box_shadow_vertical=&#8220;10px&#8220; box_shadow_blur=&#8220;12px&#8220; box_shadow_color=&#8220;RGBA(0,0,0,0)&#8220; global_colors_info=&#8220;{}&#8220; transform_styles__hover_enabled=&#8220;on|desktop&#8220; transform_scale__hover_enabled=&#8220;on|desktop&#8220; transform_translate__hover_enabled=&#8220;on|desktop&#8220; transform_rotate__hover_enabled=&#8220;on|desktop&#8220; transform_skew__hover_enabled=&#8220;on|desktop&#8220; transform_origin__hover_enabled=&#8220;on|desktop&#8220; transform_scale__hover=&#8220;102%|102%&#8220; box_shadow_color__hover_enabled=&#8220;on|hover&#8220; box_shadow_color__hover=&#8220;rgba(0,0,0,0.6)&#8220; theme_builder_area=&#8220;post_content&#8220;]<\/p>\n<h3>BRANDSCHUTZISOLIERUNG<\/h3>\n<p>Schu\u0308tzen Sie sich vor Feuer<\/p>\n<p>[\/et_pb_text][\/et_pb_column][et_pb_column type=&#8220;1_3&#8243; _builder_version=&#8220;4.16&#8243; _module_preset=&#8220;default&#8220; animation_direction=&#8220;bottom&#8220; border_width_right=&#8220;15px&#8220; border_color_right=&#8220;#ffffff&#8220; border_width_left=&#8220;15px&#8220; border_color_left=&#8220;#ffffff&#8220; global_colors_info=&#8220;{}&#8220; theme_builder_area=&#8220;post_content&#8220;][et_pb_text _builder_version=&#8220;4.20.0&#8243; _module_preset=&#8220;default&#8220; text_font=&#8220;Palanquin|700|||||||&#8220; text_text_color=&#8220;#1a171b&#8220; text_font_size=&#8220;18px&#8220; header_2_font=&#8220;Palanquin Dark|700|||||||&#8220; header_2_text_align=&#8220;center&#8220; header_2_text_color=&#8220;#1a171b&#8220; header_2_font_size=&#8220;30px&#8220; header_3_font=&#8220;Palanquin Dark|700|||||||&#8220; header_3_text_align=&#8220;center&#8220; header_3_text_color=&#8220;#1a171b&#8220; header_3_font_size=&#8220;30px&#8220; background_video_mp4=&#8220;https:\/\/isomontage-isolation.lu\/wp-content\/uploads\/2021\/07\/isolation_thermique_video.mp4&#8243; allow_player_pause=&#8220;on&#8220; text_orientation=&#8220;center&#8220; custom_margin=&#8220;15px||15px||true|false&#8220; custom_margin_tablet=&#8220;0px||0px||false|false&#8220; custom_margin_phone=&#8220;&#8220; custom_margin_last_edited=&#8220;on|tablet&#8220; custom_padding=&#8220;160px||160px||true|false&#8220; custom_padding_tablet=&#8220;100px||100px||true|false&#8220; custom_padding_phone=&#8220;80px||80px||true|false&#8220; custom_padding_last_edited=&#8220;on|phone&#8220; link_option_url=&#8220;https:\/\/isomontage-isolation.lu\/de\/waermedaemmung\/&#8220; text_font_size_last_edited=&#8220;off|desktop&#8220; header_2_font_size_tablet=&#8220;&#8220; header_2_font_size_phone=&#8220;22px&#8220; header_2_font_size_last_edited=&#8220;on|desktop&#8220; header_3_font_size_tablet=&#8220;&#8220; header_3_font_size_phone=&#8220;22px&#8220; header_3_font_size_last_edited=&#8220;on|desktop&#8220; text_text_shadow_style=&#8220;preset2&#8243; text_text_shadow_horizontal_length=&#8220;0em&#8220; header_2_text_shadow_style=&#8220;preset2&#8243; header_2_text_shadow_horizontal_length=&#8220;0em&#8220; header_3_text_shadow_style=&#8220;preset2&#8243; header_3_text_shadow_horizontal_length=&#8220;0em&#8220; border_width_bottom=&#8220;3px&#8220; border_color_bottom=&#8220;#d7001c&#8220; box_shadow_style=&#8220;preset3&#8243; box_shadow_vertical=&#8220;10px&#8220; box_shadow_blur=&#8220;12px&#8220; box_shadow_color=&#8220;RGBA(0,0,0,0)&#8220; global_colors_info=&#8220;{}&#8220; transform_styles__hover_enabled=&#8220;on|hover&#8220; transform_scale__hover_enabled=&#8220;on|hover&#8220; transform_translate__hover_enabled=&#8220;on|desktop&#8220; transform_rotate__hover_enabled=&#8220;on|desktop&#8220; transform_skew__hover_enabled=&#8220;on|desktop&#8220; transform_origin__hover_enabled=&#8220;on|desktop&#8220; transform_scale__hover=&#8220;102%|102%&#8220; box_shadow_color__hover_enabled=&#8220;on|hover&#8220; box_shadow_color__hover=&#8220;rgba(0,0,0,0.6)&#8220; theme_builder_area=&#8220;post_content&#8220;]<\/p>\n<h3>W\u00c4RMEDAMMUNG<\/h3>\n<p>Schu\u0308tzen Sie sich vor Hitze &amp; Ka\u0308lte<\/p>\n<p>[\/et_pb_text][\/et_pb_column][et_pb_column type=&#8220;1_3&#8243; _builder_version=&#8220;4.16&#8243; _module_preset=&#8220;default&#8220; animation_direction=&#8220;bottom&#8220; border_width_right=&#8220;15px&#8220; border_color_right=&#8220;#ffffff&#8220; border_width_left=&#8220;15px&#8220; border_color_left=&#8220;#ffffff&#8220; global_colors_info=&#8220;{}&#8220; theme_builder_area=&#8220;post_content&#8220;][et_pb_text _builder_version=&#8220;4.16&#8243; _module_preset=&#8220;default&#8220; text_font=&#8220;Palanquin|700|||||||&#8220; text_text_color=&#8220;#FFFFFF&#8220; text_font_size=&#8220;18px&#8220; header_2_font=&#8220;Palanquin Dark|700|||||||&#8220; header_2_text_align=&#8220;center&#8220; header_2_text_color=&#8220;#FFFFFF&#8220; header_2_font_size=&#8220;30px&#8220; header_3_font=&#8220;Palanquin Dark|700|||||||&#8220; header_3_text_align=&#8220;center&#8220; header_3_text_color=&#8220;#FFFFFF&#8220; header_3_font_size=&#8220;30px&#8220; background_video_mp4=&#8220;https:\/\/isomontage-isolation.lu\/wp-content\/uploads\/2021\/07\/isolation_acoustique_video.mp4&#8243; allow_player_pause=&#8220;on&#8220; text_orientation=&#8220;center&#8220; custom_margin=&#8220;15px||15px||true|false&#8220; custom_padding=&#8220;160px||160px||true|false&#8220; custom_padding_tablet=&#8220;100px||100px||true|false&#8220; custom_padding_phone=&#8220;80px||80px||true|false&#8220; custom_padding_last_edited=&#8220;on|phone&#8220; link_option_url=&#8220;https:\/\/isomontage-isolation.lu\/de\/schallisolierung\/&#8220; text_font_size_last_edited=&#8220;off|desktop&#8220; header_2_font_size_tablet=&#8220;&#8220; header_2_font_size_phone=&#8220;22px&#8220; header_2_font_size_last_edited=&#8220;on|desktop&#8220; header_3_font_size_tablet=&#8220;&#8220; header_3_font_size_phone=&#8220;22px&#8220; header_3_font_size_last_edited=&#8220;on|desktop&#8220; text_text_shadow_style=&#8220;preset2&#8243; header_2_text_shadow_style=&#8220;preset2&#8243; header_3_text_shadow_style=&#8220;preset2&#8243; header_3_text_shadow_horizontal_length=&#8220;0em&#8220; border_width_bottom=&#8220;3px&#8220; border_color_bottom=&#8220;#d7001c&#8220; box_shadow_style=&#8220;preset3&#8243; box_shadow_vertical=&#8220;10px&#8220; box_shadow_blur=&#8220;12px&#8220; box_shadow_color=&#8220;RGBA(0,0,0,0)&#8220; global_colors_info=&#8220;{}&#8220; transform_styles__hover_enabled=&#8220;on|hover&#8220; transform_scale__hover_enabled=&#8220;on|hover&#8220; transform_translate__hover_enabled=&#8220;on|desktop&#8220; transform_rotate__hover_enabled=&#8220;on|desktop&#8220; transform_skew__hover_enabled=&#8220;on|desktop&#8220; transform_origin__hover_enabled=&#8220;on|desktop&#8220; transform_scale__hover=&#8220;102%|102%&#8220; box_shadow_color__hover_enabled=&#8220;on|hover&#8220; box_shadow_color__hover=&#8220;rgba(0,0,0,0.6)&#8220; theme_builder_area=&#8220;post_content&#8220;]<\/p>\n<h3>SCHALLISOLIERUNG<\/h3>\n<p>La\u0308rmminderung<\/p>\n<p>[\/et_pb_text][\/et_pb_column][\/et_pb_row][\/et_pb_section]<\/p>\n","protected":false},"excerpt":{"rendered":"<p>ISOLATION TECHNIQUE DU B\u00c2TIMENTUNSERE ISOLIERUNGSDIENSTLEISTUNGEN IN LUXEMBURGIsomontage Isolation S.A. f\u00fchrt t\u00e4glich Neuerungen zur Erweiterung seines Dienstleistungsangebotes ein. Wir unterst\u00fctzen unsere Kunden bei ihren Projekten in den Bereichen Feuerschutz, W\u00e4rmed\u00e4mmung und Schallisolierung. Wir arbeiten sowohl bei Neubau als auch bei Renovierungen und bieten am Ende unserer Leistungen Wartungs- und Instandhaltungsvertr\u00e4ge an, um die Nachhaltigkeit der Energieleistung [&hellip;]<\/p>\n","protected":false},"author":2,"featured_media":0,"parent":0,"menu_order":0,"comment_status":"closed","ping_status":"closed","template":"","meta":{"_et_pb_use_builder":"on","_et_pb_old_content":"","_et_gb_content_width":"","footnotes":""},"class_list":["post-51892","page","type-page","status-publish","hentry"],"yoast_head":"<!-- This site is optimized with the Yoast SEO plugin v27.5 - https:\/\/yoast.com\/product\/yoast-seo-wordpress\/ -->\n<title>Unsere Dienstleistungen - Isomontage-isolation S.A.<\/title>\n<meta name=\"description\" content=\"Nutzen Sie unsere Dienstleistungen im Bereich Isolierung. Brandschutzisolierung, W\u00e4rmed\u00e4mmung und Schalld\u00e4mmung.\" \/>\n<meta name=\"robots\" content=\"index, follow, max-snippet:-1, max-image-preview:large, max-video-preview:-1\" \/>\n<link rel=\"canonical\" href=\"https:\/\/isomontage-isolation.lu\/de\/unsere-dienstleitungen\/\" \/>\n<meta property=\"og:locale\" content=\"de_DE\" \/>\n<meta property=\"og:type\" content=\"article\" \/>\n<meta property=\"og:title\" content=\"Unsere Dienstleistungen - Isomontage-isolation S.A.\" \/>\n<meta property=\"og:description\" content=\"Nutzen Sie unsere Dienstleistungen im Bereich Isolierung. Brandschutzisolierung, W\u00e4rmed\u00e4mmung und Schalld\u00e4mmung.\" \/>\n<meta property=\"og:url\" content=\"https:\/\/isomontage-isolation.lu\/de\/unsere-dienstleitungen\/\" \/>\n<meta property=\"og:site_name\" content=\"Isomontage Isolation S.A.\" \/>\n<meta property=\"article:publisher\" content=\"https:\/\/www.facebook.com\/Isomontage-isolation-1864131547140711\/\" \/>\n<meta property=\"article:modified_time\" content=\"2023-03-20T15:21:56+00:00\" \/>\n<meta name=\"twitter:card\" content=\"summary_large_image\" \/>\n<meta name=\"twitter:label1\" content=\"Gesch\u00e4tzte Lesezeit\" \/>\n\t<meta name=\"twitter:data1\" content=\"8\u00a0Minuten\" \/>\n<script type=\"application\/ld+json\" class=\"yoast-schema-graph\">{\"@context\":\"https:\\\/\\\/schema.org\",\"@graph\":[{\"@type\":\"WebPage\",\"@id\":\"https:\\\/\\\/isomontage-isolation.lu\\\/de\\\/unsere-dienstleitungen\\\/\",\"url\":\"https:\\\/\\\/isomontage-isolation.lu\\\/de\\\/unsere-dienstleitungen\\\/\",\"name\":\"Unsere Dienstleistungen - Isomontage-isolation S.A.\",\"isPartOf\":{\"@id\":\"https:\\\/\\\/isomontage-isolation.lu\\\/#website\"},\"datePublished\":\"2021-07-26T11:42:18+00:00\",\"dateModified\":\"2023-03-20T15:21:56+00:00\",\"description\":\"Nutzen Sie unsere Dienstleistungen im Bereich Isolierung. Brandschutzisolierung, W\u00e4rmed\u00e4mmung und Schalld\u00e4mmung.\",\"breadcrumb\":{\"@id\":\"https:\\\/\\\/isomontage-isolation.lu\\\/de\\\/unsere-dienstleitungen\\\/#breadcrumb\"},\"inLanguage\":\"de\",\"potentialAction\":[{\"@type\":\"ReadAction\",\"target\":[\"https:\\\/\\\/isomontage-isolation.lu\\\/de\\\/unsere-dienstleitungen\\\/\"]}]},{\"@type\":\"BreadcrumbList\",\"@id\":\"https:\\\/\\\/isomontage-isolation.lu\\\/de\\\/unsere-dienstleitungen\\\/#breadcrumb\",\"itemListElement\":[{\"@type\":\"ListItem\",\"position\":1,\"name\":\"Home\",\"item\":\"https:\\\/\\\/isomontage-isolation.lu\\\/de\\\/\"},{\"@type\":\"ListItem\",\"position\":2,\"name\":\"Unsere Isolierungsdienstleistungen\"}]},{\"@type\":\"WebSite\",\"@id\":\"https:\\\/\\\/isomontage-isolation.lu\\\/#website\",\"url\":\"https:\\\/\\\/isomontage-isolation.lu\\\/\",\"name\":\"Isomontage Isolation S.A.\",\"description\":\"Isolation technique du b\u00e2timent - isolation au Luxembourg\",\"publisher\":{\"@id\":\"https:\\\/\\\/isomontage-isolation.lu\\\/#organization\"},\"potentialAction\":[{\"@type\":\"SearchAction\",\"target\":{\"@type\":\"EntryPoint\",\"urlTemplate\":\"https:\\\/\\\/isomontage-isolation.lu\\\/?s={search_term_string}\"},\"query-input\":{\"@type\":\"PropertyValueSpecification\",\"valueRequired\":true,\"valueName\":\"search_term_string\"}}],\"inLanguage\":\"de\"},{\"@type\":\"Organization\",\"@id\":\"https:\\\/\\\/isomontage-isolation.lu\\\/#organization\",\"name\":\"Isomontage Isolation S.A.\",\"url\":\"https:\\\/\\\/isomontage-isolation.lu\\\/\",\"logo\":{\"@type\":\"ImageObject\",\"inLanguage\":\"de\",\"@id\":\"https:\\\/\\\/isomontage-isolation.lu\\\/#\\\/schema\\\/logo\\\/image\\\/\",\"url\":\"https:\\\/\\\/isomontage-isolation.lu\\\/wp-content\\\/uploads\\\/2021\\\/07\\\/isomontage_isolation_logo.png\",\"contentUrl\":\"https:\\\/\\\/isomontage-isolation.lu\\\/wp-content\\\/uploads\\\/2021\\\/07\\\/isomontage_isolation_logo.png\",\"width\":814,\"height\":111,\"caption\":\"Isomontage Isolation S.A.\"},\"image\":{\"@id\":\"https:\\\/\\\/isomontage-isolation.lu\\\/#\\\/schema\\\/logo\\\/image\\\/\"},\"sameAs\":[\"https:\\\/\\\/www.facebook.com\\\/Isomontage-isolation-1864131547140711\\\/\",\"https:\\\/\\\/www.youtube.com\\\/channel\\\/UCoBLI4piKCUSIQwhtH_a3fA\"]}]}<\/script>\n<!-- \/ Yoast SEO plugin. -->","yoast_head_json":{"title":"Unsere Dienstleistungen - Isomontage-isolation S.A.","description":"Nutzen Sie unsere Dienstleistungen im Bereich Isolierung. Brandschutzisolierung, W\u00e4rmed\u00e4mmung und Schalld\u00e4mmung.","robots":{"index":"index","follow":"follow","max-snippet":"max-snippet:-1","max-image-preview":"max-image-preview:large","max-video-preview":"max-video-preview:-1"},"canonical":"https:\/\/isomontage-isolation.lu\/de\/unsere-dienstleitungen\/","og_locale":"de_DE","og_type":"article","og_title":"Unsere Dienstleistungen - Isomontage-isolation S.A.","og_description":"Nutzen Sie unsere Dienstleistungen im Bereich Isolierung. Brandschutzisolierung, W\u00e4rmed\u00e4mmung und Schalld\u00e4mmung.","og_url":"https:\/\/isomontage-isolation.lu\/de\/unsere-dienstleitungen\/","og_site_name":"Isomontage Isolation S.A.","article_publisher":"https:\/\/www.facebook.com\/Isomontage-isolation-1864131547140711\/","article_modified_time":"2023-03-20T15:21:56+00:00","twitter_card":"summary_large_image","twitter_misc":{"Gesch\u00e4tzte Lesezeit":"8\u00a0Minuten"},"schema":{"@context":"https:\/\/schema.org","@graph":[{"@type":"WebPage","@id":"https:\/\/isomontage-isolation.lu\/de\/unsere-dienstleitungen\/","url":"https:\/\/isomontage-isolation.lu\/de\/unsere-dienstleitungen\/","name":"Unsere Dienstleistungen - Isomontage-isolation S.A.","isPartOf":{"@id":"https:\/\/isomontage-isolation.lu\/#website"},"datePublished":"2021-07-26T11:42:18+00:00","dateModified":"2023-03-20T15:21:56+00:00","description":"Nutzen Sie unsere Dienstleistungen im Bereich Isolierung. Brandschutzisolierung, W\u00e4rmed\u00e4mmung und Schalld\u00e4mmung.","breadcrumb":{"@id":"https:\/\/isomontage-isolation.lu\/de\/unsere-dienstleitungen\/#breadcrumb"},"inLanguage":"de","potentialAction":[{"@type":"ReadAction","target":["https:\/\/isomontage-isolation.lu\/de\/unsere-dienstleitungen\/"]}]},{"@type":"BreadcrumbList","@id":"https:\/\/isomontage-isolation.lu\/de\/unsere-dienstleitungen\/#breadcrumb","itemListElement":[{"@type":"ListItem","position":1,"name":"Home","item":"https:\/\/isomontage-isolation.lu\/de\/"},{"@type":"ListItem","position":2,"name":"Unsere Isolierungsdienstleistungen"}]},{"@type":"WebSite","@id":"https:\/\/isomontage-isolation.lu\/#website","url":"https:\/\/isomontage-isolation.lu\/","name":"Isomontage Isolation S.A.","description":"Isolation technique du b\u00e2timent - isolation au Luxembourg","publisher":{"@id":"https:\/\/isomontage-isolation.lu\/#organization"},"potentialAction":[{"@type":"SearchAction","target":{"@type":"EntryPoint","urlTemplate":"https:\/\/isomontage-isolation.lu\/?s={search_term_string}"},"query-input":{"@type":"PropertyValueSpecification","valueRequired":true,"valueName":"search_term_string"}}],"inLanguage":"de"},{"@type":"Organization","@id":"https:\/\/isomontage-isolation.lu\/#organization","name":"Isomontage Isolation S.A.","url":"https:\/\/isomontage-isolation.lu\/","logo":{"@type":"ImageObject","inLanguage":"de","@id":"https:\/\/isomontage-isolation.lu\/#\/schema\/logo\/image\/","url":"https:\/\/isomontage-isolation.lu\/wp-content\/uploads\/2021\/07\/isomontage_isolation_logo.png","contentUrl":"https:\/\/isomontage-isolation.lu\/wp-content\/uploads\/2021\/07\/isomontage_isolation_logo.png","width":814,"height":111,"caption":"Isomontage Isolation S.A."},"image":{"@id":"https:\/\/isomontage-isolation.lu\/#\/schema\/logo\/image\/"},"sameAs":["https:\/\/www.facebook.com\/Isomontage-isolation-1864131547140711\/","https:\/\/www.youtube.com\/channel\/UCoBLI4piKCUSIQwhtH_a3fA"]}]}},"_links":{"self":[{"href":"https:\/\/isomontage-isolation.lu\/de\/wp-json\/wp\/v2\/pages\/51892","targetHints":{"allow":["GET"]}}],"collection":[{"href":"https:\/\/isomontage-isolation.lu\/de\/wp-json\/wp\/v2\/pages"}],"about":[{"href":"https:\/\/isomontage-isolation.lu\/de\/wp-json\/wp\/v2\/types\/page"}],"author":[{"embeddable":true,"href":"https:\/\/isomontage-isolation.lu\/de\/wp-json\/wp\/v2\/users\/2"}],"replies":[{"embeddable":true,"href":"https:\/\/isomontage-isolation.lu\/de\/wp-json\/wp\/v2\/comments?post=51892"}],"version-history":[{"count":4,"href":"https:\/\/isomontage-isolation.lu\/de\/wp-json\/wp\/v2\/pages\/51892\/revisions"}],"predecessor-version":[{"id":52568,"href":"https:\/\/isomontage-isolation.lu\/de\/wp-json\/wp\/v2\/pages\/51892\/revisions\/52568"}],"wp:attachment":[{"href":"https:\/\/isomontage-isolation.lu\/de\/wp-json\/wp\/v2\/media?parent=51892"}],"curies":[{"name":"wp","href":"https:\/\/api.w.org\/{rel}","templated":true}]}}